{"id":10,"date":"2017-09-18T04:50:33","date_gmt":"2017-09-18T04:50:33","guid":{"rendered":"https:\/\/hmt-sande.de\/?page_id=10"},"modified":"2021-08-03T19:26:15","modified_gmt":"2021-08-03T17:26:15","slug":"home","status":"publish","type":"page","link":"https:\/\/hmt-sande.de\/","title":{"rendered":"Startseite"},"content":{"rendered":"<p>[vc_row][vc_column][vc_column_text]<\/p>\n<h1 style=\"text-align: center;\">WILLKOMMEN BEI DER FIRMA HOLZ UND M\u00d6BEL-TECHNIK IN SANDE<\/h1>\n<p>[\/vc_column_text][vc_column_text]Unser Betrieb zeichnet sich durch Tradition und ehrliches Handwerk aus. Mit viel Liebe zum Detail und mit sauberer Handwerksarbeit \u00fcbernehmen wir gerne die Planung und Lieferung Ihrer Wunsch-M\u00f6bel und Einrichtungsgegenst\u00e4nde.<\/p>\n<p>Auch in Sachen Renovierung und Reparatur Ihrer M\u00f6belst\u00fccke stellen wir uns auf Ihre Anforderungen ein und beraten Sie umfassend.<\/p>\n<p>Machen Sie sich auf den folgenden Seiten ein Bild von unseren Leistungen und unserem Betrieb.<\/p>\n<p>Wir freuen uns, wenn wir auch Ihnen ein individuelles M\u00f6belst\u00fcck liefern oder Ihnen bei anfallenden Tischlerarbeiten behilflich sein k\u00f6nnen. Nehmen Sie Kontakt mit uns auf.[\/vc_column_text][\/vc_column][\/vc_row][vc_row][vc_column][vc_empty_space height=&#8221;100px&#8221;][vc_column_text]<\/p>\n<h1 style=\"text-align: center;\">UNSER BETRIEB<\/h1>\n<p>[\/vc_column_text][vc_column_text]Holz und M\u00f6bel-Technik ist ein traditionsreicher Betrieb, der mit der Zeit geht. Seit Bestehen unseres Unternehmens sind wir stolz auf unsere zahlreichen zufriedenen Kunden und stets bestrebt, Ihre W\u00fcnsche so weit wie m\u00f6glich umzusetzen und geben daf\u00fcr jeden Tag aufs Neue unser Bestes.<\/p>\n<p>Langj\u00e4hrige Erfahrung im Holzbau und vielseitige L\u00f6sungsm\u00f6glichkeiten, technisch anspruchsvolle Aufgaben, Planung und Realisierung ebenso wie \u00f6kologisch einwandfreie Qualit\u00e4t bieten wir Ihnen in unserem Meisterbetrieb.<\/p>\n<p>Unsere Mitarbeiter achten auf die hohe Qualit\u00e4t ihres Handwerks und freuen sich \u00fcber jedes neue St\u00fcck, das sie zu Ihrer Zufriedenheit gestaltet und fertig gestellt haben.[\/vc_column_text][vc_empty_space height=&#8221;100px&#8221;][vc_row_inner][vc_column_inner width=&#8221;1\/3&#8243;][vc_single_image image=&#8221;9866&#8243;][\/vc_column_inner][vc_column_inner width=&#8221;1\/3&#8243;][vc_single_image image=&#8221;9878&#8243;][\/vc_column_inner][vc_column_inner width=&#8221;1\/3&#8243;][vc_single_image image=&#8221;9879&#8243;][\/vc_column_inner][\/vc_row_inner][vc_empty_space height=&#8221;100px&#8221;][vc_row_inner][vc_column_inner width=&#8221;1\/2&#8243;][vc_column_text]<\/p>\n<h3 style=\"text-align: center;\">KONTAKT<\/h3>\n<p>Rufen Sie uns einfach an unter<br \/>\n04422 \/ 999 59 22<\/p>\n<p>oder Mobil<br \/>\n0171 \/ 49 49 823[\/vc_column_text][\/vc_column_inner][vc_column_inner width=&#8221;1\/2&#8243;][vc_column_text]<\/p>\n<h3 style=\"text-align: center;\">ANSPRECHPARTNER<\/h3>\n<p>Inhaber<br \/>\nTischlermeister Thorsten Tetzlaff<br \/>\nTelefon: 04422 \/ 999 59 22<br \/>\nMobil : 0171 \/ 4949823<br \/>\nE-Mail : info@hmt-sande.de[\/vc_column_text][\/vc_column_inner][\/vc_row_inner][vc_empty_space height=&#8221;100px&#8221;][\/vc_column][\/vc_row][vc_row][vc_column][vc_empty_space height=&#8221;100px&#8221;][vc_column_text]<\/p>\n<h1 style=\"text-align: center;\">LEISTUNGEN<\/h1>\n<p>[\/vc_column_text][vc_column_text]Einrichtungsgegenst\u00e4nde und M\u00f6bel tragen in gro\u00dfem Ma\u00dfe zur Wohlf\u00fchlatmosph\u00e4re in R\u00e4umen bei. Und auch eine K\u00fcche, oft das Zentrum einer ganzen Wohnung und Treffpunkt der Familie, muss genau geplant und fachm\u00e4nnisch umgesetzt werden.<\/p>\n<p>Bei uns erhalten Sie ausschlie\u00dflich Produkte von hoher Qualit\u00e4t. Vom Werkstoff bis hin zur handwerklichen Umsetzung begleiten wir Sie beratend und greifen dabei auf langj\u00e4hrige Erfahrung aus unserer T\u00e4tigkeit zur\u00fcck. Dabei achten wir darauf, dass wir Ihre Ideen und W\u00fcnsche einbeziehen, geben Ihnen Materialmuster und Anschauungsmaterial und unterst\u00fctzen Sie bei Ihren Entscheidungen.[\/vc_column_text][vc_empty_space height=&#8221;100px&#8221;][vc_row_inner][vc_column_inner width=&#8221;1\/6&#8243;][vc_column_text]INNENT\u00dcREN[\/vc_column_text][\/vc_column_inner][vc_column_inner width=&#8221;1\/6&#8243;][vc_column_text]SCHIEBET\u00dcR-L\u00d6SUNGEN F\u00dcR R\u00c4UME UND M\u00d6BEL[\/vc_column_text][\/vc_column_inner][vc_column_inner width=&#8221;1\/6&#8243;][vc_column_text]FUSSB\u00d6DEN[\/vc_column_text][\/vc_column_inner][vc_column_inner width=&#8221;1\/6&#8243;][vc_column_text]M\u00d6BELFERTIGUNG[\/vc_column_text][\/vc_column_inner][vc_column_inner width=&#8221;1\/6&#8243;][vc_column_text]K\u00dcCHEN NACH MA\u00df[\/vc_column_text][\/vc_column_inner][vc_column_inner width=&#8221;1\/6&#8243;][vc_column_text]RENOVIERUNG &amp; REPARATUREN[\/vc_column_text][\/vc_column_inner][\/vc_row_inner][vc_empty_space height=&#8221;100px&#8221;][\/vc_column][\/vc_row]<\/p>\n","protected":false},"excerpt":{"rendered":"<p>[vc_row][vc_column][vc_column_text] WILLKOMMEN BEI DER FIRMA HOLZ UND M\u00d6BEL-TECHNIK IN SANDE [\/vc_column_text][vc_column_text]Unser Betrieb zeichnet sich durch Tradition und ehrliches Handwerk aus. Mit viel Liebe zum Detail und mit sauberer Handwerksarbeit \u00fcbernehmen wir gerne die Planung und Lieferung Ihrer Wunsch-M\u00f6bel und Einrichtungsgegenst\u00e4nde. Auch in Sachen Renovierung und Reparatur Ihrer M\u00f6belst\u00fccke stellen wir uns auf Ihre Anforderungen ein [&hellip;]<\/p>\n","protected":false},"author":1,"featured_media":0,"parent":0,"menu_order":0,"comment_status":"closed","ping_status":"closed","template":"","meta":{"footnotes":""},"class_list":["post-10","page","type-page","status-publish","hentry"],"_links":{"self":[{"href":"https:\/\/hmt-sande.de\/index.php?rest_route=\/wp\/v2\/pages\/10"}],"collection":[{"href":"https:\/\/hmt-sande.de\/index.php?rest_route=\/wp\/v2\/pages"}],"about":[{"href":"https:\/\/hmt-sande.de\/index.php?rest_route=\/wp\/v2\/types\/page"}],"author":[{"embeddable":true,"href":"https:\/\/hmt-sande.de\/index.php?rest_route=\/wp\/v2\/users\/1"}],"replies":[{"embeddable":true,"href":"https:\/\/hmt-sande.de\/index.php?rest_route=%2Fwp%2Fv2%2Fcomments&post=10"}],"version-history":[{"count":13,"href":"https:\/\/hmt-sande.de\/index.php?rest_route=\/wp\/v2\/pages\/10\/revisions"}],"predecessor-version":[{"id":9882,"href":"https:\/\/hmt-sande.de\/index.php?rest_route=\/wp\/v2\/pages\/10\/revisions\/9882"}],"wp:attachment":[{"href":"https:\/\/hmt-sande.de\/index.php?rest_route=%2Fwp%2Fv2%2Fmedia&parent=10"}],"curies":[{"name":"wp","href":"https:\/\/api.w.org\/{rel}","templated":true}]}}