{"id":7791,"date":"2017-09-20T09:21:23","date_gmt":"2017-09-20T09:21:23","guid":{"rendered":"https:\/\/hmt-sande.de\/?page_id=7791"},"modified":"2021-07-24T20:54:12","modified_gmt":"2021-07-24T18:54:12","slug":"impressum","status":"publish","type":"page","link":"https:\/\/hmt-sande.de\/?page_id=7791","title":{"rendered":"Impressum"},"content":{"rendered":"<p>[vc_row full_width=&#8221;stretch_row&#8221; css=&#8221;.vc_custom_1506662106041{margin-bottom: -30px !important;padding-bottom: 80px !important;background-color: rgba(0,0,0,0.05) !important;*background-color: rgb(0,0,0) !important;}&#8221; el_class=&#8221;dt-sc-overflow_visible&#8221;][vc_column][vc_column_text]Verantwortlich:<br \/>\nHolz und M\u00f6bel-Technik<br \/>\nThorsten Tetzlaff<br \/>\nBahnhofstra\u00dfe 29a<br \/>\n26452 Sande<\/p>\n<p>Kontakt<br \/>\nTelefon: 04422 999 59 22<br \/>\nTelefax: 04422 999 59 21<br \/>\nE-Mail: info@hmt-sande.de<\/p>\n<p>Umsatzsteuer-Identifikationsnummer: DE211161254<\/p>\n<p>Eingetragen in der Handwerksrolle der Handwerkskammer Oldenburg.<\/p>\n<p>Haftungshinweis: Trotz sorgf\u00e4ltiger Kontrolle \u00fcbernehmen wir keine Haftung f\u00fcr die Inhalte externer Links. F\u00fcr den Inhalt der verlinkten Seiten sind ausschlie\u00dflich deren Betreiber verantwortlich.[\/vc_column_text][\/vc_column][\/vc_row]<\/p>\n","protected":false},"excerpt":{"rendered":"<p>[vc_row full_width=&#8221;stretch_row&#8221; css=&#8221;.vc_custom_1506662106041{margin-bottom: -30px !important;padding-bottom: 80px !important;background-color: rgba(0,0,0,0.05) !important;*background-color: rgb(0,0,0) !important;}&#8221; el_class=&#8221;dt-sc-overflow_visible&#8221;][vc_column][vc_column_text]Verantwortlich: Holz und M\u00f6bel-Technik Thorsten Tetzlaff Bahnhofstra\u00dfe 29a 26452 Sande Kontakt Telefon: 04422 999 59 22 Telefax: 04422 999 59 21 E-Mail: info@hmt-sande.de Umsatzsteuer-Identifikationsnummer: DE211161254 Eingetragen in der Handwerksrolle der Handwerkskammer Oldenburg. Haftungshinweis: Trotz sorgf\u00e4ltiger Kontrolle \u00fcbernehmen wir keine Haftung f\u00fcr die Inhalte externer [&hellip;]<\/p>\n","protected":false},"author":1,"featured_media":0,"parent":0,"menu_order":0,"comment_status":"closed","ping_status":"closed","template":"","meta":{"footnotes":""},"class_list":["post-7791","page","type-page","status-publish","hentry"],"_links":{"self":[{"href":"https:\/\/hmt-sande.de\/index.php?rest_route=\/wp\/v2\/pages\/7791"}],"collection":[{"href":"https:\/\/hmt-sande.de\/index.php?rest_route=\/wp\/v2\/pages"}],"about":[{"href":"https:\/\/hmt-sande.de\/index.php?rest_route=\/wp\/v2\/types\/page"}],"author":[{"embeddable":true,"href":"https:\/\/hmt-sande.de\/index.php?rest_route=\/wp\/v2\/users\/1"}],"replies":[{"embeddable":true,"href":"https:\/\/hmt-sande.de\/index.php?rest_route=%2Fwp%2Fv2%2Fcomments&post=7791"}],"version-history":[{"count":4,"href":"https:\/\/hmt-sande.de\/index.php?rest_route=\/wp\/v2\/pages\/7791\/revisions"}],"predecessor-version":[{"id":9863,"href":"https:\/\/hmt-sande.de\/index.php?rest_route=\/wp\/v2\/pages\/7791\/revisions\/9863"}],"wp:attachment":[{"href":"https:\/\/hmt-sande.de\/index.php?rest_route=%2Fwp%2Fv2%2Fmedia&parent=7791"}],"curies":[{"name":"wp","href":"https:\/\/api.w.org\/{rel}","templated":true}]}}